{"id":8,"date":"2022-04-26T10:40:30","date_gmt":"2022-04-26T08:40:30","guid":{"rendered":"https:\/\/glasfarbenspieler.de\/?page_id=8"},"modified":"2023-05-19T12:28:49","modified_gmt":"2023-05-19T10:28:49","slug":"ueber-mich","status":"publish","type":"page","link":"https:\/\/glasfarbenspieler.de\/?page_id=8","title":{"rendered":"\u00fcber mich"},"content":{"rendered":"\n<figure class=\"wp-block-image size-large is-style-default\"><img data-recalc-dims=\"1\" loading=\"lazy\" decoding=\"async\" width=\"900\" height=\"599\" src=\"https:\/\/i0.wp.com\/glasfarbenspieler.de\/wp-content\/uploads\/2023\/05\/SEO-Suchmaschinen-Ersatzminiaturbild-1024x682.jpg?resize=900%2C599&#038;ssl=1\" alt=\"Glaskunst\" class=\"wp-image-85\" srcset=\"https:\/\/i0.wp.com\/glasfarbenspieler.de\/wp-content\/uploads\/2023\/05\/SEO-Suchmaschinen-Ersatzminiaturbild.jpg?resize=1024%2C682&amp;ssl=1 1024w, https:\/\/i0.wp.com\/glasfarbenspieler.de\/wp-content\/uploads\/2023\/05\/SEO-Suchmaschinen-Ersatzminiaturbild.jpg?resize=300%2C200&amp;ssl=1 300w, https:\/\/i0.wp.com\/glasfarbenspieler.de\/wp-content\/uploads\/2023\/05\/SEO-Suchmaschinen-Ersatzminiaturbild.jpg?resize=768%2C511&amp;ssl=1 768w, https:\/\/i0.wp.com\/glasfarbenspieler.de\/wp-content\/uploads\/2023\/05\/SEO-Suchmaschinen-Ersatzminiaturbild.jpg?w=1200&amp;ssl=1 1200w\" sizes=\"auto, (max-width: 900px) 100vw, 900px\" \/><\/figure>\n\n\n\n<p><\/p>\n\n\n\n<p>Vor 30 Jahren besch\u00e4ftigte ich mich in meinem Studium intensiv mit dem Thema Farbe.<\/p>\n\n\n\n<p>Neben der allgemeinen Farbenlehre erfuhr ich, wie Menschen Farben wahrnehmen. Ich bekam ein Gesp\u00fcr f\u00fcr Farben, aber auch f\u00fcr Gef\u00fchle, die diese hervorrufen.<\/p>\n\n\n\n<p>Als ich vor einigen Jahren ein Gesundheitszentrum f\u00fcr Hypnosystemik besuchte, erlebte ich einem weiteren Aspekt von Farbe.<\/p>\n\n\n\n<p>In den dort angebotenen Trancen erkannte ich Farben, die mir Zugang zu unbewussten Verhaltens- und Denkmustern erm\u00f6glichten.<\/p>\n\n\n\n<p>Das Unterbewusstsein speichert alle Erfahrungen unseres Lebens \u00fcber die Sinneswahrnehmung ab, wie Bilder, Ger\u00fcche, Geschmack, T\u00f6ne oder Ber\u00fchrung.<\/p>\n\n\n\n<p>Farben k\u00f6nnen aber noch mehr.<\/p>\n\n\n\n<p>In einer Trance malte ich schemenhaft ein Bild zu meinem verstorben Sohn.<\/p>\n\n\n\n<p>Daraus gestaltete ich eine Bleiverglasung. Jetzt schm\u00fcckt es das Fenster meines Treppenhauses. Wenn die Sonne die bunten Glasscheiben zum Leuchten bringt, erstrahlen in mir auch die vielen sch\u00f6nen Momente, die ich mit meinem Sohn erleben durfte.<\/p>\n\n\n\n<p>Das Leben im spielerischen Umgang mit Farbgl\u00e4sern wieder zum Strahlen bringen, ist nun zu meiner Berufung geworden.<\/p>\n\n\n\n<p>Die Angebote hierf\u00fcr finden Sie auf meinen Blogseiten, in denen ich auch mein Wissen und meine Gedanken einflie\u00dfen lasse.<\/p>\n\n\n\n<p class=\"has-vivid-cyan-blue-color has-text-color has-medium-font-size\"><strong>Beruflicher Werdegang:<\/strong><\/p>\n\n\n\n<p>Urspr\u00fcnglich wurde ich f\u00fcr elektrische Anlagen, auch in der W\u00fcste, in fast allen handwerklichen Fertigungsverfahren als Elektromechaniker ausgebildet. Ich arbeitete in Kernkraftwerken, in einem Forschungszentrum, Elektroniklabor und in der Galvanik. Nach einer Qualifizierung zum Energietechniker war ich in einem Ingenieurb\u00fcro im Bereich Planung und Projektleitung t\u00e4tig. Nach dem humanistischen Abitur studierte ich Lehramt in den F\u00e4chern Kunst, Theologie, Mathe und Physik. Ich unterrichtete 20 Jahre an Grund- und Hauptschulen auch die F\u00e4cher Kunst und Religion.<\/p>\n\n\n\n<p>Ich arbeitete freiberuflich als Moderator f\u00fcr Schulentwicklung f\u00fcr die Regierung und war als Schule-Wirtschafts-Experte Netzwerker f\u00fcr knapp 2000 Unternehmen. Zudem bin ich Trainer f\u00fcr gewaltfreie Kommunikation.<\/p>\n\n\n\n<p>Seit einigen Jahren arbeite und experimentiere ich mit Farbglas. Ich besuchte Glash\u00fctten, Glask\u00fcnstler und Werkst\u00e4tten, Gro\u00dfh\u00e4ndler f\u00fcr Farbglas aus aller Welt, Kirchen und Geb\u00e4ude mit Buntverglasungen sowie k\u00fcnstlerische Objekte aus Farbglas europaweit. Im Dezember 2022 wohnte ich im K\u00fcnstlerhaus Lukas in Ahrenshoop, der ersten deutschen K\u00fcnstlerkolonie, um mich auch mit anderen K\u00fcnstlern auszutauschen.<\/p>\n\n\n\n<p>Alle meine beruflichen F\u00e4higkeiten lasse ich in die Gestaltung meiner Glaskunstobjekte einflie\u00dfen &#8211; mit Farbglas mit unterschiedlichen Materialien und Techniken zu spielen und zum Leuchten zu bringen.<\/p>\n","protected":false},"excerpt":{"rendered":"<p>Vor 30 Jahren besch\u00e4ftigte ich mich in meinem Studium intensiv mit dem Thema Farbe. Neben der allgemeinen Farbenlehre erfuhr ich, wie Menschen Farben&hellip;<\/p>\n","protected":false},"author":1,"featured_media":0,"parent":0,"menu_order":0,"comment_status":"closed","ping_status":"closed","template":"","meta":{"footnotes":""},"class_list":["post-8","page","type-page","status-publish","hentry"],"jetpack_sharing_enabled":true,"_links":{"self":[{"href":"https:\/\/glasfarbenspieler.de\/index.php?rest_route=\/wp\/v2\/pages\/8","targetHints":{"allow":["GET"]}}],"collection":[{"href":"https:\/\/glasfarbenspieler.de\/index.php?rest_route=\/wp\/v2\/pages"}],"about":[{"href":"https:\/\/glasfarbenspieler.de\/index.php?rest_route=\/wp\/v2\/types\/page"}],"author":[{"embeddable":true,"href":"https:\/\/glasfarbenspieler.de\/index.php?rest_route=\/wp\/v2\/users\/1"}],"replies":[{"embeddable":true,"href":"https:\/\/glasfarbenspieler.de\/index.php?rest_route=%2Fwp%2Fv2%2Fcomments&post=8"}],"version-history":[{"count":4,"href":"https:\/\/glasfarbenspieler.de\/index.php?rest_route=\/wp\/v2\/pages\/8\/revisions"}],"predecessor-version":[{"id":125,"href":"https:\/\/glasfarbenspieler.de\/index.php?rest_route=\/wp\/v2\/pages\/8\/revisions\/125"}],"wp:attachment":[{"href":"https:\/\/glasfarbenspieler.de\/index.php?rest_route=%2Fwp%2Fv2%2Fmedia&parent=8"}],"curies":[{"name":"wp","href":"https:\/\/api.w.org\/{rel}","templated":true}]}}