{"id":37,"date":"2023-05-03T10:57:02","date_gmt":"2023-05-03T08:57:02","guid":{"rendered":"https:\/\/glasfarbenspieler.de\/?page_id=37"},"modified":"2023-05-03T10:57:02","modified_gmt":"2023-05-03T08:57:02","slug":"datenschutzerklaerung","status":"publish","type":"page","link":"https:\/\/glasfarbenspieler.de\/?page_id=37","title":{"rendered":"Datenschutzerkl\u00e4rung"},"content":{"rendered":"\n<p>Datenschutzerkl\u00e4rung<\/p>\n\n\n\n<h2 class=\"wp-block-heading\"><strong>1) Einleitung und Kontaktdaten des Verantwortlichen<\/strong><\/h2>\n\n\n\n<p><strong>1.1<\/strong>&nbsp;Wir freuen uns, dass Sie unsere Website besuchen und bedanken uns f\u00fcr Ihr Interesse. Im Folgenden informieren wir Sie \u00fcber den Umgang mit Ihren personenbezogenen Daten bei der Nutzung unserer Website. Personenbezogene Daten sind hierbei alle Daten, mit denen Sie pers\u00f6nlich identifiziert werden k\u00f6nnen.<\/p>\n\n\n\n<p><strong>1.2<\/strong>&nbsp;Verantwortlicher f\u00fcr die Datenverarbeitung auf dieser Website im Sinne der Datenschutz-Grundverordnung (DSGVO) ist Ronald Bayer, Glasfarbenspieler, Waldstra\u00dfe 4, 91336 Heroldsbach, Deutschland, Tel.: 09190-2282856, E-Mail: ronaldbayer@glasfarbenspieler.de. Der f\u00fcr die Verarbeitung von personenbezogenen Daten Verantwortliche ist diejenige nat\u00fcrliche oder juristische Person, die allein oder gemeinsam mit anderen \u00fcber die Zwecke und Mittel der Verarbeitung von personenbezogenen Daten entscheidet.<\/p>\n\n\n\n<p><strong>1.3<\/strong>&nbsp;Diese Website nutzt aus Sicherheitsgr\u00fcnden und zum Schutz der \u00dcbertragung personenbezogener Daten und anderer vertraulicher Inhalte (z.B. Bestellungen oder Anfragen an den Verantwortlichen) eine SSL-bzw. TLS-Verschl\u00fcsselung. Sie k\u00f6nnen eine verschl\u00fcsselte Verbindung an der Zeichenfolge \u201ehttps:\/\/\u201c und dem Schloss-Symbol in Ihrer Browserzeile erkennen.<\/p>\n\n\n\n<h2 class=\"wp-block-heading\"><strong>2) Datenerfassung beim Besuch unserer Website<\/strong><\/h2>\n\n\n\n<p>Bei der blo\u00df informatorischen Nutzung unserer Website, also wenn Sie sich nicht registrieren oder uns anderweitig Informationen \u00fcbermitteln, erheben wir nur solche Daten, die Ihr Browser an den Seitenserver \u00fcbermittelt (sog. \u201eServer-Logfiles\u201c). Wenn Sie unsere Website aufrufen, erheben wir die folgenden Daten, die f\u00fcr uns technisch erforderlich sind, um Ihnen die Website anzuzeigen:<\/p>\n\n\n\n<ul class=\"wp-block-list\">\n<li>Unsere besuchte Website<\/li>\n\n\n\n<li>Datum und Uhrzeit zum Zeitpunkt des Zugriffes<\/li>\n\n\n\n<li>Menge der gesendeten Daten in Byte<\/li>\n\n\n\n<li>Quelle\/Verweis, von welchem Sie auf die Seite gelangten<\/li>\n\n\n\n<li>Verwendeter Browser<\/li>\n\n\n\n<li>Verwendetes Betriebssystem<\/li>\n\n\n\n<li>Verwendete IP-Adresse (ggf.: in anonymisierter Form)<\/li>\n<\/ul>\n\n\n\n<p>Die Verarbeitung erfolgt gem\u00e4\u00df Art. 6 Abs. 1 lit. f DSGVO auf Basis unseres berechtigten Interesses an der Verbesserung der Stabilit\u00e4t und Funktionalit\u00e4t unserer Website. Eine Weitergabe oder anderweitige Verwendung der Daten findet nicht statt. Wir behalten uns allerdings vor, die Server-Logfiles nachtr\u00e4glich zu \u00fcberpr\u00fcfen, sollten konkrete Anhaltspunkte auf eine rechtswidrige Nutzung hinweisen.7<\/p>\n\n\n\n<h2 class=\"wp-block-heading\"><strong>3) Cookies<\/strong><\/h2>\n\n\n\n<p>Um den Besuch unserer Website attraktiv zu gestalten und die Nutzung bestimmter Funktionen zu erm\u00f6glichen, verwenden wir Cookies, also kleine Textdateien, die auf Ihrem Endger\u00e4t abgelegt werden. Teilweise werden diese Cookies nach Schlie\u00dfen des Browsers automatisch wieder gel\u00f6scht (sog. \u201eSession-Cookies\u201c), teilweise verbleiben diese Cookies l\u00e4nger auf Ihrem Endger\u00e4t und erm\u00f6glichen das Speichern von Seiteneinstellungen (sog. \u201epersistente Cookies\u201c). Im letzteren Fall k\u00f6nnen Sie die Speicherdauer der \u00dcbersicht zu den Cookie-Einstellungen Ihres Webbrowsers entnehmen.<\/p>\n\n\n\n<p>Sofern durch einzelne von uns eingesetzte Cookies auch personenbezogene Daten verarbeitet werden, erfolgt die Verarbeitung gem\u00e4\u00df Art. 6 Abs. 1 lit. b DSGVO entweder zur Durchf\u00fchrung des Vertrages, gem\u00e4\u00df Art. 6 Abs. 1 lit. a DSGVO im Falle einer erteilten Einwilligung oder gem\u00e4\u00df Art. 6 Abs. 1 lit. f DSGVO zur Wahrung unserer berechtigten Interessen an der bestm\u00f6glichen Funktionalit\u00e4t der Website sowie einer kundenfreundlichen und effektiven Ausgestaltung des Seitenbesuchs.<\/p>\n\n\n\n<p>Sie k\u00f6nnen Ihren Browser so einstellen, dass Sie \u00fcber das Setzen von Cookies informiert werden und einzeln \u00fcber deren Annahme entscheiden oder die Annahme von Cookies f\u00fcr bestimmte F\u00e4lle oder generell ausschlie\u00dfen k\u00f6nnen.<\/p>\n\n\n\n<p>Bitte beachten Sie, dass bei Nichtannahme von Cookies die Funktionalit\u00e4t unserer Website eingeschr\u00e4nkt sein kann.<\/p>\n\n\n\n<h2 class=\"wp-block-heading\"><strong>4) Kontaktaufnahme<\/strong><\/h2>\n\n\n\n<p>Im Rahmen der Kontaktaufnahme mit uns (z.B. per Kontaktformular oder E-Mail) werden \u2013 ausschlie\u00dflich zum Zweck der Bearbeitung und Beantwortung Ihres Anliegens und nur im daf\u00fcr erforderlichen Umfang \u2013 personenbezogene Daten verarbeitet.<\/p>\n\n\n\n<p>Rechtsgrundlage f\u00fcr die Verarbeitung dieser Daten ist unser berechtigtes Interesse an der Beantwortung Ihres Anliegens gem\u00e4\u00df Art. 6 Abs. 1 lit. f DSGVO. Zielt Ihre Kontaktierung auf einen Vertrag ab, so ist zus\u00e4tzliche Rechtsgrundlage f\u00fcr die Verarbeitung Art. 6 Abs. 1 lit. b DSGVO. Ihre Daten werden gel\u00f6scht, wenn sich aus den Umst\u00e4nden entnehmen l\u00e4sst, dass der betroffene Sachverhalt abschlie\u00dfend gekl\u00e4rt ist und sofern keine gesetzlichen Aufbewahrungspflichten entgegenstehen.<\/p>\n\n\n\n<h2 class=\"wp-block-heading\"><strong>5) Datenverarbeitung bei Er\u00f6ffnung eines Kundenkontos<\/strong><\/h2>\n\n\n\n<p>Gem\u00e4\u00df Art. 6 Abs. 1 lit. b DSGVO werden personenbezogene Daten im jeweils erforderlichen Umfang weiterhin erhoben und verarbeitet, wenn Sie uns diese bei der Er\u00f6ffnung eines Kundenkontos mitteilen. Welche Daten f\u00fcr die Kontoer\u00f6ffnung erforderlich sind, entnehmen Sie der Eingabemaske des entsprechenden Formulars auf unserer Website.<\/p>\n\n\n\n<p>Eine L\u00f6schung Ihres Kundenkontos ist jederzeit m\u00f6glich und kann durch eine Nachricht an die o.g. Adresse des Verantwortlichen erfolgen. Nach L\u00f6schung Ihres Kundenkontos werden Ihre Daten gel\u00f6scht, sofern alle dar\u00fcber geschlossenen Vertr\u00e4ge vollst\u00e4ndig abgewickelt sind, keine gesetzlichen Aufbewahrungsfristen entgegenstehen und unsererseits kein berechtigtes Interesse an der Weiterspeicherung fortbesteht.<\/p>\n\n\n\n<h2 class=\"wp-block-heading\"><strong>6) Datenverarbeitung zur Bestellabwicklung<\/strong><\/h2>\n\n\n\n<p>Soweit f\u00fcr die Vertragsabwicklung zu Liefer- und Zahlungszwecken erforderlich, werden die von uns erhobenen personenbezogenen Daten gem\u00e4\u00df Art. 6 Abs. 1 lit. b DSGVO an das beauftragte Transportunternehmen und das beauftragte Kreditinstitut weitergegeben.<\/p>\n\n\n\n<p>Sofern wir Ihnen auf Grundlage eines entsprechenden Vertrages Aktualisierungen f\u00fcr Waren mit digitalen Elementen oder f\u00fcr digitale Produkte schulden, verarbeiten wir die von Ihnen bei der Bestellung \u00fcbermittelten Kontaktdaten (Name, Anschrift, Mailadresse), um Sie im Rahmen unserer gesetzlichen Informationspflichten gem\u00e4\u00df Art. 6 Abs. 1 lit. c DSGVO auf geeignetem Kommunikationsweg (etwa postalisch oder per Mail) \u00fcber anstehende Aktualisierungen im gesetzlich vorgesehenen Zeitraum pers\u00f6nlich zu informieren. Ihre Kontaktdaten werden hierbei streng zweckgebunden f\u00fcr Mitteilungen \u00fcber von uns geschuldete Aktualisierungen verwendet und zu diesem Zweck durch uns nur insoweit verarbeitet, wie dies f\u00fcr die jeweilige Information erforderlich ist.<\/p>\n\n\n\n<p>Zur Abwicklung Ihrer Bestellung arbeiten wir ferner mit dem \/ den nachstehenden Dienstleister(n) zusammen, die uns ganz oder teilweise bei der Durchf\u00fchrung geschlossener Vertr\u00e4ge unterst\u00fctzen. An diese Dienstleister werden nach Ma\u00dfgabe der folgenden Informationen gewisse personenbezogene Daten \u00fcbermittelt.<\/p>\n\n\n\n<h2 class=\"wp-block-heading\"><strong>7) Rechte des Betroffenen<\/strong><\/h2>\n\n\n\n<p><strong>7.1<\/strong>&nbsp;Das geltende Datenschutzrecht gew\u00e4hrt Ihnen gegen\u00fcber dem Verantwortlichen hinsichtlich der Verarbeitung Ihrer personenbezogenen Daten die nachstehenden Betroffenenrechte (Auskunfts- und Interventionsrechte), wobei f\u00fcr die jeweiligen Aus\u00fcbungsvoraussetzungen auf die angef\u00fchrte Rechtsgrundlage verwiesen wird:<\/p>\n\n\n\n<ul class=\"wp-block-list\">\n<li>Auskunftsrecht gem\u00e4\u00df Art. 15 DSGVO;<\/li>\n\n\n\n<li>Recht auf Berichtigung gem\u00e4\u00df Art. 16 DSGVO;<\/li>\n\n\n\n<li>Recht auf L\u00f6schung gem\u00e4\u00df Art. 17 DSGVO;<\/li>\n\n\n\n<li>Recht auf Einschr\u00e4nkung der Verarbeitung gem\u00e4\u00df Art. 18 DSGVO;<\/li>\n\n\n\n<li>Recht auf Unterrichtung gem\u00e4\u00df Art. 19 DSGVO;<\/li>\n\n\n\n<li>Recht auf Daten\u00fcbertragbarkeit gem\u00e4\u00df Art. 20 DSGVO;<\/li>\n\n\n\n<li>Recht auf Widerruf erteilter Einwilligungen gem\u00e4\u00df Art. 7 Abs. 3 DSGVO;<\/li>\n\n\n\n<li>Recht auf Beschwerde gem\u00e4\u00df Art. 77 DSGVO.<\/li>\n<\/ul>\n\n\n\n<p><strong>7.2<\/strong>&nbsp;WIDERSPRUCHSRECHT<\/p>\n\n\n\n<p>WENN WIR IM RAHMEN EINER INTERESSENABW\u00c4GUNG IHRE PERSONENBEZOGENEN DATEN AUFGRUND UNSERES \u00dcBERWIEGENDEN BERECHTIGTEN INTERESSES VERARBEITEN, HABEN SIE DAS JEDERZEITIGE RECHT, AUS GR\u00dcNDEN, DIE SICH AUS IHRER BESONDEREN SITUATION ERGEBEN, GEGEN DIESE VERARBEITUNG WIDERSPRUCH MIT WIRKUNG F\u00dcR DIE ZUKUNFT EINZULEGEN.<\/p>\n\n\n\n<p>MACHEN SIE VON IHREM WIDERSPRUCHSRECHT GEBRAUCH, BEENDEN WIR DIE VERARBEITUNG DER BETROFFENEN DATEN. EINE WEITERVERARBEITUNG BLEIBT ABER VORBEHALTEN, WENN WIR ZWINGENDE SCHUTZW\u00dcRDIGE GR\u00dcNDE F\u00dcR DIE VERARBEITUNG NACHWEISEN K\u00d6NNEN, DIE IHRE INTERESSEN, GRUNDRECHTE UND GRUNDFREIHEITEN \u00dcBERWIEGEN, ODER WENN DIE VERARBEITUNG DER GELTENDMACHUNG, AUS\u00dcBUNG ODER VERTEIDIGUNG VON RECHTSANSPR\u00dcCHEN DIENT.<\/p>\n\n\n\n<p>WERDEN IHRE PERSONENBEZOGENEN DATEN VON UNS VERARBEITET, UM DIREKTWERBUNG ZU BETREIBEN, HABEN SIE DAS RECHT, JEDERZEIT WIDERSPRUCH GEGEN DIE VERARBEITUNG SIE BETREFFENDER PERSONENBEZOGENER DATEN ZUM ZWECKE DERARTIGER WERBUNG EINZULEGEN. SIE K\u00d6NNEN DEN WIDERSPRUCH WIE OBEN BESCHRIEBEN AUS\u00dcBEN.<\/p>\n\n\n\n<p>MACHEN SIE VON IHREM WIDERSPRUCHSRECHT GEBRAUCH, BEENDEN WIR DIE VERARBEITUNG DER BETROFFENEN DATEN ZU DIREKTWERBEZWECKEN.<\/p>\n\n\n\n<h2 class=\"wp-block-heading\"><strong>8) Dauer der Speicherung personenbezogener Daten<\/strong><\/h2>\n\n\n\n<p>Die Dauer der Speicherung von personenbezogenen Daten bemisst sich anhand der jeweiligen Rechtsgrundlage, am Verarbeitungszweck und \u2013 sofern einschl\u00e4gig \u2013 zus\u00e4tzlich anhand der jeweiligen gesetzlichen Aufbewahrungsfrist (z.B. handels- und steuerrechtliche Aufbewahrungsfristen).<\/p>\n\n\n\n<p>Bei der Verarbeitung von personenbezogenen Daten auf Grundlage einer ausdr\u00fccklichen Einwilligung gem\u00e4\u00df Art. 6 Abs. 1 lit. a DSGVO werden die betroffenen Daten so lange gespeichert, bis Sie Ihre Einwilligung widerrufen.<\/p>\n\n\n\n<p>Existieren gesetzliche Aufbewahrungsfristen f\u00fcr Daten, die im Rahmen rechtsgesch\u00e4ftlicher bzw. rechtsgesch\u00e4fts\u00e4hnlicher Verpflichtungen auf der Grundlage von Art. 6 Abs. 1 lit. b DSGVO verarbeitet werden, werden diese Daten nach Ablauf der Aufbewahrungsfristen routinem\u00e4\u00dfig gel\u00f6scht, sofern sie nicht mehr zur Vertragserf\u00fcllung oder Vertragsanbahnung erforderlich sind und\/oder unsererseits kein berechtigtes Interesse an der Weiterspeicherung fortbesteht.<\/p>\n\n\n\n<p>Bei der Verarbeitung von personenbezogenen Daten auf Grundlage von Art. 6 Abs. 1 lit. f DSGVO werden diese Daten so lange gespeichert, bis Sie Ihr Widerspruchsrecht nach Art. 21 Abs. 1 DSGVO aus\u00fcben, es sei denn, wir k\u00f6nnen zwingende schutzw\u00fcrdige Gr\u00fcnde f\u00fcr die Verarbeitung nachweisen, die Ihre Interessen, Rechte und Freiheiten \u00fcberwiegen, oder die Verarbeitung dient der Geltendmachung, Aus\u00fcbung oder Verteidigung von Rechtsanspr\u00fcchen.<\/p>\n\n\n\n<p>Bei der Verarbeitung von personenbezogenen Daten zum Zwecke der Direktwerbung auf Grundlage von Art. 6 Abs. 1 lit. f DSGVO werden diese Daten so lange gespeichert, bis Sie Ihr Widerspruchsrecht nach Art. 21 Abs. 2 DSGVO aus\u00fcben.<\/p>\n\n\n\n<p>Sofern sich aus den sonstigen Informationen dieser Erkl\u00e4rung \u00fcber spezifische Verarbeitungssituationen nichts anderes ergibt, werden gespeicherte personenbezogene Daten im \u00dcbrigen dann gel\u00f6scht, wenn sie f\u00fcr die Zwecke, f\u00fcr die sie erhoben oder auf sonstige Weise verarbeitet wurden, nicht mehr notwendig sind.<\/p>\n","protected":false},"excerpt":{"rendered":"<p>Datenschutzerkl\u00e4rung 1) Einleitung und Kontaktdaten des Verantwortlichen 1.1&nbsp;Wir freuen uns, dass Sie unsere Website besuchen und bedanken uns f\u00fcr Ihr Interesse. Im Folgenden&hellip;<\/p>\n","protected":false},"author":1,"featured_media":0,"parent":0,"menu_order":0,"comment_status":"closed","ping_status":"closed","template":"","meta":{"footnotes":""},"class_list":["post-37","page","type-page","status-publish","hentry"],"jetpack_sharing_enabled":true,"_links":{"self":[{"href":"https:\/\/glasfarbenspieler.de\/index.php?rest_route=\/wp\/v2\/pages\/37","targetHints":{"allow":["GET"]}}],"collection":[{"href":"https:\/\/glasfarbenspieler.de\/index.php?rest_route=\/wp\/v2\/pages"}],"about":[{"href":"https:\/\/glasfarbenspieler.de\/index.php?rest_route=\/wp\/v2\/types\/page"}],"author":[{"embeddable":true,"href":"https:\/\/glasfarbenspieler.de\/index.php?rest_route=\/wp\/v2\/users\/1"}],"replies":[{"embeddable":true,"href":"https:\/\/glasfarbenspieler.de\/index.php?rest_route=%2Fwp%2Fv2%2Fcomments&post=37"}],"version-history":[{"count":1,"href":"https:\/\/glasfarbenspieler.de\/index.php?rest_route=\/wp\/v2\/pages\/37\/revisions"}],"predecessor-version":[{"id":38,"href":"https:\/\/glasfarbenspieler.de\/index.php?rest_route=\/wp\/v2\/pages\/37\/revisions\/38"}],"wp:attachment":[{"href":"https:\/\/glasfarbenspieler.de\/index.php?rest_route=%2Fwp%2Fv2%2Fmedia&parent=37"}],"curies":[{"name":"wp","href":"https:\/\/api.w.org\/{rel}","templated":true}]}}